{"id":1289,"date":"2000-01-01T00:00:00","date_gmt":"2015-07-07T07:02:25","guid":{"rendered":"https:\/\/devservinf.deusto.es\/?page_id=1289"},"modified":"2023-02-24T09:32:55","modified_gmt":"2023-02-24T09:32:55","slug":"catalogoserviciosti","status":"publish","type":"page","link":"https:\/\/servinf.deusto.es\/es\/catalogoserviciosti\/","title":{"rendered":"Cat\u00e1logo de Servicios"},"content":{"rendered":"<ul class=\"hkb-archive hkb-archive--one-cols clearfix\"><li>      <div class=\"hkb-category\" data-hkb-cat-icon=\"1\">      <img decoding=\"async\" src=\"https:\/\/servinf.deusto.es\/wp-content\/uploads\/2019\/01\/catalogo-de-servicios-deusto-home-08.png\" class=\"hkb-category__icon\"><div class=\"hkb-category__header\"><h2 class=\"hkb-category__title\"><a href=\"https:\/\/servinf.deusto.es\/servicios\/comunicaciones-y-sistemas\" title=\"Comunicaciones y sistemas\">Comunicaciones y sistemas<\/a><\/h2><p class=\"hkb-category__description\">Planificaci\u00f3n, administraci\u00f3n, gesti\u00f3n, mantenimiento y soporte de los servicios de comunicaciones fijos y m\u00f3viles de la universidad.<\/p><\/div><!--.hkb-subcats--><ul class=\"hkb-subcats\"><li class=\"hkb-subcats__cat\"><a class=\"hkb-subcats__cat-title\" href=\"https:\/\/servinf.deusto.es\/servicios\/administracion-del-servicio-de-telefonia-y-fax\" title=\"Administraci\u00f3n del servicio de telefon\u00eda y fax\">Administraci\u00f3n del servicio de telefon\u00eda y fax<\/a><\/li><li class=\"hkb-subcats__cat\"><a class=\"hkb-subcats__cat-title\" href=\"https:\/\/servinf.deusto.es\/servicios\/gestion-de-la-red-de-datos\" title=\"Gesti\u00f3n de la red de datos\">Gesti\u00f3n de la red de datos<\/a><\/li><\/ul><!--\/.hkb-subcats--><\/div><\/li><li>      <div class=\"hkb-category\" data-hkb-cat-icon=\"1\">      <img decoding=\"async\" src=\"https:\/\/servinf.deusto.es\/wp-content\/uploads\/2019\/01\/catalogo-de-servicios-deusto-home-07.png\" class=\"hkb-category__icon\"><div class=\"hkb-category__header\"><h2 class=\"hkb-category__title\"><a href=\"https:\/\/servinf.deusto.es\/servicios\/comunicacion-digital-institucional\" title=\"Comunicaci\u00f3n digital institucional\">Comunicaci\u00f3n digital institucional<\/a><\/h2><p class=\"hkb-category__description\">Planificaci\u00f3n, administraci\u00f3n, gesti\u00f3n, mantenimiento y soporte de los servicios orientados a la publicaci\u00f3n de contenido en Internet y difusi\u00f3n multimedia de la informaci\u00f3n.<\/p><\/div><!--.hkb-subcats--><ul class=\"hkb-subcats\"><li class=\"hkb-subcats__cat\"><a class=\"hkb-subcats__cat-title\" href=\"https:\/\/servinf.deusto.es\/servicios\/creacion-soporte-y-mantenimiento-de-wikis-y-blogs-institucionales\" title=\"Creaci\u00f3n, soporte y mantenimiento de wikis y blogs institucionales\">Creaci\u00f3n, soporte y mantenimiento de wikis y blogs institucionales<\/a><\/li><li class=\"hkb-subcats__cat\"><a class=\"hkb-subcats__cat-title\" href=\"https:\/\/servinf.deusto.es\/servicios\/mantenimiento-y-soporte-de-portales-institucionales-y-academicos\" title=\"Mantenimiento y soporte de portales institucionales y acad\u00e9micos\">Mantenimiento y soporte de portales institucionales y acad\u00e9micos<\/a><\/li><li class=\"hkb-subcats__cat\"><a class=\"hkb-subcats__cat-title\" href=\"https:\/\/servinf.deusto.es\/servicios\/soporte-a-la-herramienta-de-crm\" title=\"Soporte a la herramienta de CRM\">Soporte a la herramienta de CRM<\/a><\/li><li class=\"hkb-subcats__cat\"><a class=\"hkb-subcats__cat-title\" href=\"https:\/\/servinf.deusto.es\/servicios\/soporte-y-mantenimiento-apps-corporativas\" title=\"Soporte y mantenimiento de apps corporativas\">Soporte y mantenimiento de apps corporativas<\/a><\/li><\/ul><!--\/.hkb-subcats--><\/div><\/li><li>      <div class=\"hkb-category\" data-hkb-cat-icon=\"1\">      <img decoding=\"async\" src=\"https:\/\/servinf.deusto.es\/wp-content\/uploads\/2019\/01\/catalogo-de-servicios-deusto-home-05.png\" class=\"hkb-category__icon\"><div class=\"hkb-category__header\"><h2 class=\"hkb-category__title\"><a href=\"https:\/\/servinf.deusto.es\/servicios\/correo-y-colaboracion-electronica\" title=\"Correo y colaboraci\u00f3n electr\u00f3nica\">Correo y colaboraci\u00f3n electr\u00f3nica<\/a><\/h2><p class=\"hkb-category__description\">Planificaci\u00f3n, administraci\u00f3n, gesti\u00f3n, mantenimiento y soporte de herramientas que faciliten la comunicaci\u00f3n y colaboraci\u00f3n electr\u00f3nicas a la comunidad universitaria.<\/p><\/div><!--.hkb-subcats--><ul class=\"hkb-subcats\"><li class=\"hkb-subcats__cat\"><a class=\"hkb-subcats__cat-title\" href=\"https:\/\/servinf.deusto.es\/servicios\/soporte-a-la-plataforma-colaborativa-de-google-mydeusto-y-myopendeusto\" title=\"Soporte a la plataforma colaborativa de Google: myDeusto y myOpenDeusto\">Soporte a la plataforma colaborativa de Google: myDeusto y myOpenDeusto<\/a><\/li><li class=\"hkb-subcats__cat\"><a class=\"hkb-subcats__cat-title\" href=\"https:\/\/servinf.deusto.es\/servicios\/soporte-al-servicio-de-correo-electronico-de-la-universidad\" title=\"Soporte al servicio de correo electr\u00f3nico de la universidad\">Soporte al servicio de correo electr\u00f3nico de la universidad<\/a><\/li><li class=\"hkb-subcats__cat\"><a class=\"hkb-subcats__cat-title\" href=\"https:\/\/servinf.deusto.es\/servicios\/soporte-y-mantenimiento-de-las-listas-de-distribucion\" title=\"Soporte y mantenimiento de las listas de distribuci\u00f3n\">Soporte y mantenimiento de las listas de distribuci\u00f3n<\/a><\/li><\/ul><!--\/.hkb-subcats--><\/div><\/li><li>      <div class=\"hkb-category\" data-hkb-cat-icon=\"1\">      <img decoding=\"async\" src=\"https:\/\/servinf.deusto.es\/wp-content\/uploads\/2019\/01\/catalogo-de-servicios-deusto-home-12.png\" class=\"hkb-category__icon\"><div class=\"hkb-category__header\"><h2 class=\"hkb-category__title\"><a href=\"https:\/\/servinf.deusto.es\/servicios\/gestion-de-identidades\" title=\"Gesti\u00f3n de identidades\">Gesti\u00f3n de identidades<\/a><\/h2><p class=\"hkb-category__description\">Planificaci\u00f3n, administraci\u00f3n, gesti\u00f3n y mantenimiento de los servicios que garanticen la identidad del usuario en el uso de las infraestructuras y servicios TIC de la universidad.<\/p><\/div><!--.hkb-subcats--><ul class=\"hkb-subcats\"><li class=\"hkb-subcats__cat\"><a class=\"hkb-subcats__cat-title\" href=\"https:\/\/servinf.deusto.es\/servicios\/gestion-de-usuarios-y-autorizaciones\" title=\"Gesti\u00f3n de usuarios y autorizaciones\">Gesti\u00f3n de usuarios y autorizaciones<\/a><\/li><li class=\"hkb-subcats__cat\"><a class=\"hkb-subcats__cat-title\" href=\"https:\/\/servinf.deusto.es\/servicios\/soporte-a-la-generacion-gestion-y-uso-de-la-tarjeta-universitaria\" title=\"Soporte a la generaci\u00f3n, gesti\u00f3n y uso de la tarjeta universitaria\">Soporte a la generaci\u00f3n, gesti\u00f3n y uso de la tarjeta universitaria<\/a><\/li><\/ul><!--\/.hkb-subcats--><\/div><\/li><li>      <div class=\"hkb-category\" data-hkb-cat-icon=\"1\">      <img decoding=\"async\" src=\"https:\/\/servinf.deusto.es\/wp-content\/uploads\/2019\/01\/catalogo-de-servicios-deusto-home-10.png\" class=\"hkb-category__icon\"><div class=\"hkb-category__header\"><h2 class=\"hkb-category__title\"><a href=\"https:\/\/servinf.deusto.es\/servicios\/soporte-tic-a-la-docencia\" title=\"Soporte TIC a la Docencia\">Soporte TIC a la Docencia<\/a><\/h2><p class=\"hkb-category__description\">Planificaci\u00f3n, administraci\u00f3n, gesti\u00f3n, mantenimiento y soporte de las infraestructuras y servicios TIC dedicados a facilitar las tareas docentes tanto presenciales en aulas como remotas en las diferentes plataformas de la universidad.<\/p><\/div><!--.hkb-subcats--><ul class=\"hkb-subcats\"><li class=\"hkb-subcats__cat\"><a class=\"hkb-subcats__cat-title\" href=\"https:\/\/servinf.deusto.es\/servicios\/prestamo-de-material-audiovisual-campus-de-ss\" title=\"Pr\u00e9stamo de material audiovisual. Campus de SS\">Pr\u00e9stamo de material audiovisual. Campus de SS<\/a><\/li><li class=\"hkb-subcats__cat\"><a class=\"hkb-subcats__cat-title\" href=\"https:\/\/servinf.deusto.es\/servicios\/instalacion-y-configuracion-de-equipos-y-software-en-aulas-laboratorios-y-salas-de-ordenadores\" title=\"Instalaci\u00f3n y configuraci\u00f3n de equipos y software en aulas, laboratorios y salas de ordenadores\">Instalaci\u00f3n y configuraci\u00f3n de equipos y software en aulas, laboratorios y salas de ordenadores<\/a><\/li><li class=\"hkb-subcats__cat\"><a class=\"hkb-subcats__cat-title\" href=\"https:\/\/servinf.deusto.es\/servicios\/mantenimiento-de-las-herramientas-de-soporte-al-aprendizaje\" title=\"Mantenimiento de las herramientas de soporte al aprendizaje\">Mantenimiento de las herramientas de soporte al aprendizaje<\/a><\/li><\/ul><!--\/.hkb-subcats--><\/div><\/li><li>      <div class=\"hkb-category\" data-hkb-cat-icon=\"1\">      <img decoding=\"async\" src=\"https:\/\/servinf.deusto.es\/wp-content\/uploads\/2019\/01\/catalogo-de-servicios-deusto-home-11.png\" class=\"hkb-category__icon\"><div class=\"hkb-category__header\"><h2 class=\"hkb-category__title\"><a href=\"https:\/\/servinf.deusto.es\/servicios\/soporte-tic-a-la-gestion-universitaria\" title=\"Soporte TIC a la Gesti\u00f3n Universitaria\">Soporte TIC a la Gesti\u00f3n Universitaria<\/a><\/h2><p class=\"hkb-category__description\">Planificaci\u00f3n, administraci\u00f3n, gesti\u00f3n, mantenimiento y soporte a las aplicaciones de gesti\u00f3n universitaria.<\/p><\/div><!--.hkb-subcats--><ul class=\"hkb-subcats\"><li class=\"hkb-subcats__cat\"><a class=\"hkb-subcats__cat-title\" href=\"https:\/\/servinf.deusto.es\/servicios\/mantenimiento-del-sistema-de-gestion-de-peticiones\" title=\"Mantenimiento del sistema de Gesti\u00f3n de Peticiones\">Mantenimiento del sistema de Gesti\u00f3n de Peticiones<\/a><\/li><li class=\"hkb-subcats__cat\"><a class=\"hkb-subcats__cat-title\" href=\"https:\/\/servinf.deusto.es\/servicios\/soporte-a-las-aplicaciones-de-biblioteca-crai\" title=\"Soporte a las aplicaciones de Biblioteca-CRAI\">Soporte a las aplicaciones de Biblioteca-CRAI<\/a><\/li><li class=\"hkb-subcats__cat\"><a class=\"hkb-subcats__cat-title\" href=\"https:\/\/servinf.deusto.es\/servicios\/soporte-a-las-aplicaciones-de-comunicacion-y-marketing\" title=\"Soporte a las aplicaciones de Comunicaci\u00f3n y Marketing\">Soporte a las aplicaciones de Comunicaci\u00f3n y Marketing<\/a><\/li><li class=\"hkb-subcats__cat\"><a class=\"hkb-subcats__cat-title\" href=\"https:\/\/servinf.deusto.es\/servicios\/soporte-a-las-aplicaciones-de-direccion-economico-financiera\" title=\"Soporte a las aplicaciones de Direcci\u00f3n Econ\u00f3mico-Financiera\">Soporte a las aplicaciones de Direcci\u00f3n Econ\u00f3mico-Financiera<\/a><\/li><li class=\"hkb-subcats__cat\"><a class=\"hkb-subcats__cat-title\" href=\"https:\/\/servinf.deusto.es\/servicios\/soporte-a-las-aplicaciones-de-gestion-academica\" title=\"Soporte a las aplicaciones de Gesti\u00f3n Acad\u00e9mica\">Soporte a las aplicaciones de Gesti\u00f3n Acad\u00e9mica<\/a><\/li><li class=\"hkb-subcats__cat\"><a class=\"hkb-subcats__cat-title\" href=\"https:\/\/servinf.deusto.es\/servicios\/soporte-a-las-aplicaciones-de-secretaria-general\" title=\"Soporte a las aplicaciones de Secretar\u00eda General\">Soporte a las aplicaciones de Secretar\u00eda General<\/a><\/li><li class=\"hkb-subcats__cat\"><a class=\"hkb-subcats__cat-title\" href=\"https:\/\/servinf.deusto.es\/servicios\/soporte-a-los-sistemas-de-informacion-para-la-direccion\" title=\"Soporte a los Sistemas de Informaci\u00f3n para la Direcci\u00f3n\">Soporte a los Sistemas de Informaci\u00f3n para la Direcci\u00f3n<\/a><\/li><li class=\"hkb-subcats__cat\"><a class=\"hkb-subcats__cat-title\" href=\"https:\/\/servinf.deusto.es\/servicios\/soporte-de-las-aplicaciones-de-gestion-de-personas\" title=\"Soporte de las aplicaciones de Gesti\u00f3n de personas\">Soporte de las aplicaciones de Gesti\u00f3n de personas<\/a><\/li><li class=\"hkb-subcats__cat\"><a class=\"hkb-subcats__cat-title\" href=\"https:\/\/servinf.deusto.es\/servicios\/gestion-documental\" title=\"Gesti\u00f3n documental\">Gesti\u00f3n documental<\/a><\/li><li class=\"hkb-subcats__cat\"><a class=\"hkb-subcats__cat-title\" href=\"https:\/\/servinf.deusto.es\/servicios\/repositorio-institucional\" title=\"Repositorio Institucional\">Repositorio Institucional<\/a><\/li><li class=\"hkb-subcats__cat\"><a class=\"hkb-subcats__cat-title\" href=\"https:\/\/servinf.deusto.es\/servicios\/soporte-al-portafirmas-institucional\" title=\"Soporte al portafirmas institucional\">Soporte al portafirmas institucional<\/a><\/li><\/ul><!--\/.hkb-subcats--><\/div><\/li><li>      <div class=\"hkb-category\" data-hkb-cat-icon=\"1\">      <img decoding=\"async\" src=\"https:\/\/servinf.deusto.es\/wp-content\/uploads\/2019\/01\/catalogo-de-servicios-deusto-home-06.png\" class=\"hkb-category__icon\"><div class=\"hkb-category__header\"><h2 class=\"hkb-category__title\"><a href=\"https:\/\/servinf.deusto.es\/servicios\/soporte-tic-a-la-investigacion\" title=\"Soporte TIC a la Investigaci\u00f3n\">Soporte TIC a la Investigaci\u00f3n<\/a><\/h2><p class=\"hkb-category__description\">Planificaci\u00f3n, administraci\u00f3n, gesti\u00f3n, mantenimiento y soporte de las infraestructuras TIC orientadas a facilitar la actividad investigadora.<\/p><\/div><!--.hkb-subcats--><ul class=\"hkb-subcats\"><li class=\"hkb-subcats__cat\"><a class=\"hkb-subcats__cat-title\" href=\"https:\/\/servinf.deusto.es\/servicios\/soporte-a-las-aplicaciones-para-la-gestion-de-la-investigacion\" title=\"Soporte a las aplicaciones para la gesti\u00f3n de la Investigaci\u00f3n\">Soporte a las aplicaciones para la gesti\u00f3n de la Investigaci\u00f3n<\/a><\/li><li class=\"hkb-subcats__cat\"><a class=\"hkb-subcats__cat-title\" href=\"https:\/\/servinf.deusto.es\/servicios\/alojamiento-de-infraestructuras\" title=\"Alojamiento de Infraestructuras\">Alojamiento de Infraestructuras<\/a><\/li><\/ul><!--\/.hkb-subcats--><\/div><\/li><li>      <div class=\"hkb-category\" data-hkb-cat-icon=\"1\">      <img decoding=\"async\" src=\"https:\/\/servinf.deusto.es\/wp-content\/uploads\/2019\/01\/catalogo-de-servicios-deusto-home-09.png\" class=\"hkb-category__icon\"><div class=\"hkb-category__header\"><h2 class=\"hkb-category__title\"><a href=\"https:\/\/servinf.deusto.es\/servicios\/soporte-al-usuario\" title=\"Soporte al usuario\">Soporte al usuario<\/a><\/h2><p class=\"hkb-category__description\">Planificaci\u00f3n, administraci\u00f3n, gesti\u00f3n, mantenimiento y soporte del equipamiento TIC proporcionado por la universidad para su utilizaci\u00f3n en el puesto de trabajo.<\/p><\/div><!--.hkb-subcats--><ul class=\"hkb-subcats\"><li class=\"hkb-subcats__cat\"><a class=\"hkb-subcats__cat-title\" href=\"https:\/\/servinf.deusto.es\/servicios\/soporte-examenes-votaciones-pruebas-ingreso\" title=\"Soporte a ex\u00e1menes, votaciones y pruebas de ingreso\">Soporte a ex\u00e1menes, votaciones y pruebas de ingreso<\/a><\/li><li class=\"hkb-subcats__cat\"><a class=\"hkb-subcats__cat-title\" href=\"https:\/\/servinf.deusto.es\/servicios\/adquisicion-gestion-e-instalacion-de-licencias-software\" title=\"Adquisici\u00f3n, gesti\u00f3n e instalaci\u00f3n de licencias software\">Adquisici\u00f3n, gesti\u00f3n e instalaci\u00f3n de licencias software<\/a><\/li><li class=\"hkb-subcats__cat\"><a class=\"hkb-subcats__cat-title\" href=\"https:\/\/servinf.deusto.es\/servicios\/aula-tic\" title=\"Aula TIC\">Aula TIC<\/a><\/li><li class=\"hkb-subcats__cat\"><a class=\"hkb-subcats__cat-title\" href=\"https:\/\/servinf.deusto.es\/servicios\/impresion-corporativa\" title=\"Impresi\u00f3n corporativa\">Impresi\u00f3n corporativa<\/a><\/li><li class=\"hkb-subcats__cat\"><a class=\"hkb-subcats__cat-title\" href=\"https:\/\/servinf.deusto.es\/servicios\/infraestructura-de-escritorio-virtual\" title=\"Infraestructura de Escritorio Virtual\">Infraestructura de Escritorio Virtual<\/a><\/li><li class=\"hkb-subcats__cat\"><a class=\"hkb-subcats__cat-title\" href=\"https:\/\/servinf.deusto.es\/servicios\/instalacion-mantenimiento-y-renovacion-de-equipamiento-informatico\" title=\"Instalaci\u00f3n, mantenimiento y renovaci\u00f3n de equipamiento inform\u00e1tico\">Instalaci\u00f3n, mantenimiento y renovaci\u00f3n de equipamiento inform\u00e1tico<\/a><\/li><li class=\"hkb-subcats__cat\"><a class=\"hkb-subcats__cat-title\" href=\"https:\/\/servinf.deusto.es\/servicios\/soporte-audiovisual\" title=\"Soporte audiovisual\">Soporte audiovisual<\/a><\/li><li class=\"hkb-subcats__cat\"><a class=\"hkb-subcats__cat-title\" href=\"https:\/\/servinf.deusto.es\/servicios\/formacion-aula-tic\" title=\"Formaci\u00f3n Aula TIC\">Formaci\u00f3n Aula TIC<\/a><\/li><\/ul><!--\/.hkb-subcats--><\/div><\/li><li>      <div class=\"hkb-category\" data-hkb-cat-icon=\"1\"><div class=\"hkb-category__header\"><h2 class=\"hkb-category__title\"><a href=\"https:\/\/servinf.deusto.es\/servicios\/transformacion-de-procesos\" title=\"Transformaci\u00f3n de Procesos\">Transformaci\u00f3n de Procesos<\/a><\/h2><p class=\"hkb-category__description\">Planificaci\u00f3n, gesti\u00f3n y soporte a la mejora de las capacidades digitales de los procesos internos para mejorar la eficiencia y la eficiencia, as\u00ed como la experiencia de usuario y la satisfacci\u00f3n del personal de la universidad.<\/p><\/div><!--.hkb-subcats--><ul class=\"hkb-subcats\"><li class=\"hkb-subcats__cat\"><a class=\"hkb-subcats__cat-title\" href=\"https:\/\/servinf.deusto.es\/servicios\/consultoria-y-soporte-para-la-mejora-continua\" title=\"Consultor\u00eda y soporte para la mejora continua\">Consultor\u00eda y soporte para la mejora continua<\/a><\/li><\/ul><!--\/.hkb-subcats--><\/div><\/li><\/ul>\n","protected":false},"excerpt":{"rendered":"","protected":false},"author":1,"featured_media":0,"parent":0,"menu_order":0,"comment_status":"closed","ping_status":"closed","template":"","meta":{"_acf_changed":false,"site-sidebar-layout":"right-sidebar","site-content-layout":"default","ast-site-content-layout":"default","site-content-style":"default","site-sidebar-style":"default","ast-global-header-display":"","ast-banner-title-visibility":"","ast-main-header-display":"","ast-hfb-above-header-display":"","ast-hfb-below-header-display":"","ast-hfb-mobile-header-display":"","site-post-title":"","ast-breadcrumbs-content":"","ast-featured-img":"","footer-sml-layout":"","ast-disable-related-posts":"","theme-transparent-header-meta":"default","adv-header-id-meta":"","stick-header-meta":"","header-above-stick-meta":"","header-main-stick-meta":"","header-below-stick-meta":"","astra-migrate-meta-layouts":"default","ast-page-background-enabled":"default","ast-page-background-meta":{"desktop":{"background-color":"var(--ast-global-color-4)","background-image":"","background-repeat":"repeat","background-position":"center center","background-size":"auto","background-attachment":"scroll","background-type":"","background-media":"","overlay-type":"","overlay-color":"","overlay-opacity":"","overlay-gradient":""},"tablet":{"background-color":"","background-image":"","background-repeat":"repeat","background-position":"center center","background-size":"auto","background-attachment":"scroll","background-type":"","background-media":"","overlay-type":"","overlay-color":"","overlay-opacity":"","overlay-gradient":""},"mobile":{"background-color":"","background-image":"","background-repeat":"repeat","background-position":"center center","background-size":"auto","background-attachment":"scroll","background-type":"","background-media":"","overlay-type":"","overlay-color":"","overlay-opacity":"","overlay-gradient":""}},"ast-content-background-meta":{"desktop":{"background-color":"var(--ast-global-color-5)","background-image":"","background-repeat":"repeat","background-position":"center center","background-size":"auto","background-attachment":"scroll","background-type":"","background-media":"","overlay-type":"","overlay-color":"","overlay-opacity":"","overlay-gradient":""},"tablet":{"background-color":"var(--ast-global-color-5)","background-image":"","background-repeat":"repeat","background-position":"center center","background-size":"auto","background-attachment":"scroll","background-type":"","background-media":"","overlay-type":"","overlay-color":"","overlay-opacity":"","overlay-gradient":""},"mobile":{"background-color":"var(--ast-global-color-5)","background-image":"","background-repeat":"repeat","background-position":"center center","background-size":"auto","background-attachment":"scroll","background-type":"","background-media":"","overlay-type":"","overlay-color":"","overlay-opacity":"","overlay-gradient":""}},"footnotes":""},"class_list":["post-1289","page","type-page","status-publish","hentry"],"acf":[],"_links":{"self":[{"href":"https:\/\/servinf.deusto.es\/es\/wp-json\/wp\/v2\/pages\/1289","targetHints":{"allow":["GET"]}}],"collection":[{"href":"https:\/\/servinf.deusto.es\/es\/wp-json\/wp\/v2\/pages"}],"about":[{"href":"https:\/\/servinf.deusto.es\/es\/wp-json\/wp\/v2\/types\/page"}],"author":[{"embeddable":true,"href":"https:\/\/servinf.deusto.es\/es\/wp-json\/wp\/v2\/users\/1"}],"replies":[{"embeddable":true,"href":"https:\/\/servinf.deusto.es\/es\/wp-json\/wp\/v2\/comments?post=1289"}],"version-history":[{"count":2,"href":"https:\/\/servinf.deusto.es\/es\/wp-json\/wp\/v2\/pages\/1289\/revisions"}],"predecessor-version":[{"id":4514,"href":"https:\/\/servinf.deusto.es\/es\/wp-json\/wp\/v2\/pages\/1289\/revisions\/4514"}],"wp:attachment":[{"href":"https:\/\/servinf.deusto.es\/es\/wp-json\/wp\/v2\/media?parent=1289"}],"curies":[{"name":"wp","href":"https:\/\/api.w.org\/{rel}","templated":true}]}}